{"id":4643,"date":"2018-02-14T10:09:37","date_gmt":"2018-02-14T07:09:37","guid":{"rendered":"https:\/\/www.omatu.com.tr\/urun\/zara-koltuk-takimi\/"},"modified":"2022-04-27T01:58:20","modified_gmt":"2022-04-26T22:58:20","slug":"zara-sofa-set","status":"publish","type":"product","link":"https:\/\/www.omatu.com.tr\/en\/urun\/zara-sofa-set\/","title":{"rendered":"Zara Sofa Set"},"content":{"rendered":null,"protected":false},"excerpt":{"rendered":"","protected":false},"featured_media":4183,"template":"","meta":[],"product_cat":[219],"product_tag":[],"class_list":["post-4643","product","type-product","status-publish","has-post-thumbnail","hentry","product_cat-sofa-sets"],"yoast_head":"<!-- This site is optimized with the Yoast SEO plugin v18.9 - https:\/\/yoast.com\/wordpress\/plugins\/seo\/ -->\n<title>Zara Sofa Set - Omatu<\/title>\n<meta name=\"description\" content=\"Zara Sofa Set model \u00fcr\u00fcn\u00fcm\u00fcz\u00fc incelemek ve detaylar\u0131n\u0131 \u00f6\u011frenmek i\u00e7in sayfam\u0131z\u0131 ziyaret edebilirsiniz.\" \/>\n<meta name=\"robots\" content=\"index, follow, max-snippet:-1, max-image-preview:large, max-video-preview:-1\" \/>\n<link rel=\"canonical\" href=\"https:\/\/www.omatu.com.tr\/en\/urun\/zara-sofa-set\/\" \/>\n<meta property=\"og:locale\" content=\"en_US\" \/>\n<meta property=\"og:type\" content=\"article\" \/>\n<meta property=\"og:title\" content=\"Zara Sofa Set - Omatu\" \/>\n<meta property=\"og:description\" content=\"Zara Sofa Set model \u00fcr\u00fcn\u00fcm\u00fcz\u00fc incelemek ve detaylar\u0131n\u0131 \u00f6\u011frenmek i\u00e7in sayfam\u0131z\u0131 ziyaret edebilirsiniz.\" \/>\n<meta property=\"og:url\" content=\"https:\/\/www.omatu.com.tr\/en\/urun\/zara-sofa-set\/\" \/>\n<meta property=\"og:site_name\" content=\"Omatu\" \/>\n<meta property=\"article:modified_time\" content=\"2022-04-26T22:58:20+00:00\" \/>\n<meta property=\"og:image\" content=\"https:\/\/www.omatu.com.tr\/wp-content\/uploads\/2018\/02\/zara-koltuk-takimi-1-1-scaled.jpg\" \/>\n\t<meta property=\"og:image:width\" content=\"2560\" \/>\n\t<meta property=\"og:image:height\" content=\"1443\" \/>\n\t<meta property=\"og:image:type\" content=\"image\/jpeg\" \/>\n<meta name=\"twitter:card\" content=\"summary_large_image\" \/>\n<script type=\"application\/ld+json\" class=\"yoast-schema-graph\">{\"@context\":\"https:\/\/schema.org\",\"@graph\":[{\"@type\":\"Organization\",\"@id\":\"https:\/\/www.omatu.com.tr\/#organization\",\"name\":\"OMATU\",\"url\":\"https:\/\/www.omatu.com.tr\/\",\"sameAs\":[],\"logo\":{\"@type\":\"ImageObject\",\"inLanguage\":\"en-US\",\"@id\":\"https:\/\/www.omatu.com.tr\/#\/schema\/logo\/image\/\",\"url\":\"https:\/\/www.omatu.com.tr\/wp-content\/uploads\/2022\/04\/1.jpg\",\"contentUrl\":\"https:\/\/www.omatu.com.tr\/wp-content\/uploads\/2022\/04\/1.jpg\",\"width\":273,\"height\":100,\"caption\":\"OMATU\"},\"image\":{\"@id\":\"https:\/\/www.omatu.com.tr\/#\/schema\/logo\/image\/\"}},{\"@type\":\"WebSite\",\"@id\":\"https:\/\/www.omatu.com.tr\/#website\",\"url\":\"https:\/\/www.omatu.com.tr\/\",\"name\":\"Omatu\",\"description\":\"Bir ba\u015fka WordPress sitesi\",\"publisher\":{\"@id\":\"https:\/\/www.omatu.com.tr\/#organization\"},\"potentialAction\":[{\"@type\":\"SearchAction\",\"target\":{\"@type\":\"EntryPoint\",\"urlTemplate\":\"https:\/\/www.omatu.com.tr\/?s={search_term_string}\"},\"query-input\":\"required name=search_term_string\"}],\"inLanguage\":\"en-US\"},{\"@type\":\"ImageObject\",\"inLanguage\":\"en-US\",\"@id\":\"https:\/\/www.omatu.com.tr\/en\/urun\/zara-sofa-set\/#primaryimage\",\"url\":\"https:\/\/www.omatu.com.tr\/wp-content\/uploads\/2018\/02\/zara-koltuk-takimi-1-1-scaled.jpg\",\"contentUrl\":\"https:\/\/www.omatu.com.tr\/wp-content\/uploads\/2018\/02\/zara-koltuk-takimi-1-1-scaled.jpg\",\"width\":2560,\"height\":1443},{\"@type\":\"WebPage\",\"@id\":\"https:\/\/www.omatu.com.tr\/en\/urun\/zara-sofa-set\/#webpage\",\"url\":\"https:\/\/www.omatu.com.tr\/en\/urun\/zara-sofa-set\/\",\"name\":\"Zara Sofa Set - Omatu\",\"isPartOf\":{\"@id\":\"https:\/\/www.omatu.com.tr\/#website\"},\"primaryImageOfPage\":{\"@id\":\"https:\/\/www.omatu.com.tr\/en\/urun\/zara-sofa-set\/#primaryimage\"},\"datePublished\":\"2018-02-14T07:09:37+00:00\",\"dateModified\":\"2022-04-26T22:58:20+00:00\",\"description\":\"Zara Sofa Set model \u00fcr\u00fcn\u00fcm\u00fcz\u00fc incelemek ve detaylar\u0131n\u0131 \u00f6\u011frenmek i\u00e7in sayfam\u0131z\u0131 ziyaret edebilirsiniz.\",\"breadcrumb\":{\"@id\":\"https:\/\/www.omatu.com.tr\/en\/urun\/zara-sofa-set\/#breadcrumb\"},\"inLanguage\":\"en-US\",\"potentialAction\":[{\"@type\":\"ReadAction\",\"target\":[\"https:\/\/www.omatu.com.tr\/en\/urun\/zara-sofa-set\/\"]}]},{\"@type\":\"BreadcrumbList\",\"@id\":\"https:\/\/www.omatu.com.tr\/en\/urun\/zara-sofa-set\/#breadcrumb\",\"itemListElement\":[{\"@type\":\"ListItem\",\"position\":1,\"name\":\"Anasayfa\",\"item\":\"https:\/\/www.omatu.com.tr\/en\/\"},{\"@type\":\"ListItem\",\"position\":2,\"name\":\"T\u00fcm \u00dcr\u00fcnler\",\"item\":\"https:\/\/www.omatu.com.tr\/tum-urunler\/\"},{\"@type\":\"ListItem\",\"position\":3,\"name\":\"Zara Sofa Set\"}]}]}<\/script>\n<!-- \/ Yoast SEO plugin. -->","yoast_head_json":{"title":"Zara Sofa Set - Omatu","description":"Zara Sofa Set model \u00fcr\u00fcn\u00fcm\u00fcz\u00fc incelemek ve detaylar\u0131n\u0131 \u00f6\u011frenmek i\u00e7in sayfam\u0131z\u0131 ziyaret edebilirsiniz.","robots":{"index":"index","follow":"follow","max-snippet":"max-snippet:-1","max-image-preview":"max-image-preview:large","max-video-preview":"max-video-preview:-1"},"canonical":"https:\/\/www.omatu.com.tr\/en\/urun\/zara-sofa-set\/","og_locale":"en_US","og_type":"article","og_title":"Zara Sofa Set - Omatu","og_description":"Zara Sofa Set model \u00fcr\u00fcn\u00fcm\u00fcz\u00fc incelemek ve detaylar\u0131n\u0131 \u00f6\u011frenmek i\u00e7in sayfam\u0131z\u0131 ziyaret edebilirsiniz.","og_url":"https:\/\/www.omatu.com.tr\/en\/urun\/zara-sofa-set\/","og_site_name":"Omatu","article_modified_time":"2022-04-26T22:58:20+00:00","og_image":[{"width":2560,"height":1443,"url":"https:\/\/www.omatu.com.tr\/wp-content\/uploads\/2018\/02\/zara-koltuk-takimi-1-1-scaled.jpg","type":"image\/jpeg"}],"twitter_card":"summary_large_image","schema":{"@context":"https:\/\/schema.org","@graph":[{"@type":"Organization","@id":"https:\/\/www.omatu.com.tr\/#organization","name":"OMATU","url":"https:\/\/www.omatu.com.tr\/","sameAs":[],"logo":{"@type":"ImageObject","inLanguage":"en-US","@id":"https:\/\/www.omatu.com.tr\/#\/schema\/logo\/image\/","url":"https:\/\/www.omatu.com.tr\/wp-content\/uploads\/2022\/04\/1.jpg","contentUrl":"https:\/\/www.omatu.com.tr\/wp-content\/uploads\/2022\/04\/1.jpg","width":273,"height":100,"caption":"OMATU"},"image":{"@id":"https:\/\/www.omatu.com.tr\/#\/schema\/logo\/image\/"}},{"@type":"WebSite","@id":"https:\/\/www.omatu.com.tr\/#website","url":"https:\/\/www.omatu.com.tr\/","name":"Omatu","description":"Bir ba\u015fka WordPress sitesi","publisher":{"@id":"https:\/\/www.omatu.com.tr\/#organization"},"potentialAction":[{"@type":"SearchAction","target":{"@type":"EntryPoint","urlTemplate":"https:\/\/www.omatu.com.tr\/?s={search_term_string}"},"query-input":"required name=search_term_string"}],"inLanguage":"en-US"},{"@type":"ImageObject","inLanguage":"en-US","@id":"https:\/\/www.omatu.com.tr\/en\/urun\/zara-sofa-set\/#primaryimage","url":"https:\/\/www.omatu.com.tr\/wp-content\/uploads\/2018\/02\/zara-koltuk-takimi-1-1-scaled.jpg","contentUrl":"https:\/\/www.omatu.com.tr\/wp-content\/uploads\/2018\/02\/zara-koltuk-takimi-1-1-scaled.jpg","width":2560,"height":1443},{"@type":"WebPage","@id":"https:\/\/www.omatu.com.tr\/en\/urun\/zara-sofa-set\/#webpage","url":"https:\/\/www.omatu.com.tr\/en\/urun\/zara-sofa-set\/","name":"Zara Sofa Set - Omatu","isPartOf":{"@id":"https:\/\/www.omatu.com.tr\/#website"},"primaryImageOfPage":{"@id":"https:\/\/www.omatu.com.tr\/en\/urun\/zara-sofa-set\/#primaryimage"},"datePublished":"2018-02-14T07:09:37+00:00","dateModified":"2022-04-26T22:58:20+00:00","description":"Zara Sofa Set model \u00fcr\u00fcn\u00fcm\u00fcz\u00fc incelemek ve detaylar\u0131n\u0131 \u00f6\u011frenmek i\u00e7in sayfam\u0131z\u0131 ziyaret edebilirsiniz.","breadcrumb":{"@id":"https:\/\/www.omatu.com.tr\/en\/urun\/zara-sofa-set\/#breadcrumb"},"inLanguage":"en-US","potentialAction":[{"@type":"ReadAction","target":["https:\/\/www.omatu.com.tr\/en\/urun\/zara-sofa-set\/"]}]},{"@type":"BreadcrumbList","@id":"https:\/\/www.omatu.com.tr\/en\/urun\/zara-sofa-set\/#breadcrumb","itemListElement":[{"@type":"ListItem","position":1,"name":"Anasayfa","item":"https:\/\/www.omatu.com.tr\/en\/"},{"@type":"ListItem","position":2,"name":"T\u00fcm \u00dcr\u00fcnler","item":"https:\/\/www.omatu.com.tr\/tum-urunler\/"},{"@type":"ListItem","position":3,"name":"Zara Sofa Set"}]}]}},"_links":{"self":[{"href":"https:\/\/www.omatu.com.tr\/en\/wp-json\/wp\/v2\/product\/4643","targetHints":{"allow":["GET"]}}],"collection":[{"href":"https:\/\/www.omatu.com.tr\/en\/wp-json\/wp\/v2\/product"}],"about":[{"href":"https:\/\/www.omatu.com.tr\/en\/wp-json\/wp\/v2\/types\/product"}],"wp:featuredmedia":[{"embeddable":true,"href":"https:\/\/www.omatu.com.tr\/en\/wp-json\/wp\/v2\/media\/4183"}],"wp:attachment":[{"href":"https:\/\/www.omatu.com.tr\/en\/wp-json\/wp\/v2\/media?parent=4643"}],"wp:term":[{"taxonomy":"product_cat","embeddable":true,"href":"https:\/\/www.omatu.com.tr\/en\/wp-json\/wp\/v2\/product_cat?post=4643"},{"taxonomy":"product_tag","embeddable":true,"href":"https:\/\/www.omatu.com.tr\/en\/wp-json\/wp\/v2\/product_tag?post=4643"}],"curies":[{"name":"wp","href":"https:\/\/api.w.org\/{rel}","templated":true}]}}