{"id":6120,"date":"2023-03-14T11:19:43","date_gmt":"2023-03-14T08:19:43","guid":{"rendered":"https:\/\/www.omatu.com.tr\/?post_type=product&#038;p=6120"},"modified":"2023-03-14T11:19:43","modified_gmt":"2023-03-14T08:19:43","slug":"king-single-sofa","status":"publish","type":"product","link":"https:\/\/www.omatu.com.tr\/ar\/urun\/king-single-sofa\/","title":{"rendered":"King Single Sofa"},"content":{"rendered":null,"protected":false},"excerpt":{"rendered":"","protected":false},"featured_media":6094,"template":"..\/public\/views\/revslider-page-template.php","meta":[],"product_cat":[241],"product_tag":[],"class_list":["post-6120","product","type-product","status-publish","has-post-thumbnail","hentry","product_cat-muntajat-fardia"],"yoast_head":"<!-- This site is optimized with the Yoast SEO plugin v18.9 - https:\/\/yoast.com\/wordpress\/plugins\/seo\/ -->\n<title>King Single Sofa - Omatu<\/title>\n<meta name=\"description\" content=\"King Single Sofa model \u00fcr\u00fcn\u00fcm\u00fcz\u00fc incelemek ve detaylar\u0131n\u0131 \u00f6\u011frenmek i\u00e7in sayfam\u0131z\u0131 ziyaret edebilirsiniz.\" \/>\n<meta name=\"robots\" content=\"index, follow, max-snippet:-1, max-image-preview:large, max-video-preview:-1\" \/>\n<link rel=\"canonical\" href=\"https:\/\/www.omatu.com.tr\/ar\/urun\/king-single-sofa\/\" \/>\n<meta property=\"og:locale\" content=\"ar_AR\" \/>\n<meta property=\"og:type\" content=\"article\" \/>\n<meta property=\"og:title\" content=\"King Single Sofa - Omatu\" \/>\n<meta property=\"og:description\" content=\"King Single Sofa model \u00fcr\u00fcn\u00fcm\u00fcz\u00fc incelemek ve detaylar\u0131n\u0131 \u00f6\u011frenmek i\u00e7in sayfam\u0131z\u0131 ziyaret edebilirsiniz.\" \/>\n<meta property=\"og:url\" content=\"https:\/\/www.omatu.com.tr\/ar\/urun\/king-single-sofa\/\" \/>\n<meta property=\"og:site_name\" content=\"Omatu\" \/>\n<meta name=\"twitter:card\" content=\"summary_large_image\" \/>\n<script type=\"application\/ld+json\" class=\"yoast-schema-graph\">{\"@context\":\"https:\/\/schema.org\",\"@graph\":[{\"@type\":\"Organization\",\"@id\":\"https:\/\/www.omatu.com.tr\/#organization\",\"name\":\"OMATU\",\"url\":\"https:\/\/www.omatu.com.tr\/\",\"sameAs\":[],\"logo\":{\"@type\":\"ImageObject\",\"inLanguage\":\"ar\",\"@id\":\"https:\/\/www.omatu.com.tr\/#\/schema\/logo\/image\/\",\"url\":\"https:\/\/www.omatu.com.tr\/wp-content\/uploads\/2022\/04\/1.jpg\",\"contentUrl\":\"https:\/\/www.omatu.com.tr\/wp-content\/uploads\/2022\/04\/1.jpg\",\"width\":273,\"height\":100,\"caption\":\"OMATU\"},\"image\":{\"@id\":\"https:\/\/www.omatu.com.tr\/#\/schema\/logo\/image\/\"}},{\"@type\":\"WebSite\",\"@id\":\"https:\/\/www.omatu.com.tr\/#website\",\"url\":\"https:\/\/www.omatu.com.tr\/\",\"name\":\"Omatu\",\"description\":\"Bir ba\u015fka WordPress sitesi\",\"publisher\":{\"@id\":\"https:\/\/www.omatu.com.tr\/#organization\"},\"potentialAction\":[{\"@type\":\"SearchAction\",\"target\":{\"@type\":\"EntryPoint\",\"urlTemplate\":\"https:\/\/www.omatu.com.tr\/?s={search_term_string}\"},\"query-input\":\"required name=search_term_string\"}],\"inLanguage\":\"ar\"},{\"@type\":\"ImageObject\",\"inLanguage\":\"ar\",\"@id\":\"https:\/\/www.omatu.com.tr\/ar\/urun\/king-single-sofa\/#primaryimage\",\"url\":\"https:\/\/www.omatu.com.tr\/wp-content\/uploads\/2023\/03\/IMG-20230311-WA0016-e1678790127442.jpg\",\"contentUrl\":\"https:\/\/www.omatu.com.tr\/wp-content\/uploads\/2023\/03\/IMG-20230311-WA0016-e1678790127442.jpg\",\"width\":1600,\"height\":1004},{\"@type\":\"WebPage\",\"@id\":\"https:\/\/www.omatu.com.tr\/ar\/urun\/king-single-sofa\/#webpage\",\"url\":\"https:\/\/www.omatu.com.tr\/ar\/urun\/king-single-sofa\/\",\"name\":\"King Single Sofa - Omatu\",\"isPartOf\":{\"@id\":\"https:\/\/www.omatu.com.tr\/#website\"},\"primaryImageOfPage\":{\"@id\":\"https:\/\/www.omatu.com.tr\/ar\/urun\/king-single-sofa\/#primaryimage\"},\"datePublished\":\"2023-03-14T08:19:43+00:00\",\"dateModified\":\"2023-03-14T08:19:43+00:00\",\"description\":\"King Single Sofa model \u00fcr\u00fcn\u00fcm\u00fcz\u00fc incelemek ve detaylar\u0131n\u0131 \u00f6\u011frenmek i\u00e7in sayfam\u0131z\u0131 ziyaret edebilirsiniz.\",\"breadcrumb\":{\"@id\":\"https:\/\/www.omatu.com.tr\/ar\/urun\/king-single-sofa\/#breadcrumb\"},\"inLanguage\":\"ar\",\"potentialAction\":[{\"@type\":\"ReadAction\",\"target\":[\"https:\/\/www.omatu.com.tr\/ar\/urun\/king-single-sofa\/\"]}]},{\"@type\":\"BreadcrumbList\",\"@id\":\"https:\/\/www.omatu.com.tr\/ar\/urun\/king-single-sofa\/#breadcrumb\",\"itemListElement\":[{\"@type\":\"ListItem\",\"position\":1,\"name\":\"Anasayfa\",\"item\":\"https:\/\/www.omatu.com.tr\/ar\/\"},{\"@type\":\"ListItem\",\"position\":2,\"name\":\"T\u00fcm \u00dcr\u00fcnler\",\"item\":\"https:\/\/www.omatu.com.tr\/tum-urunler\/\"},{\"@type\":\"ListItem\",\"position\":3,\"name\":\"King Single Sofa\"}]}]}<\/script>\n<!-- \/ Yoast SEO plugin. -->","yoast_head_json":{"title":"King Single Sofa - Omatu","description":"King Single Sofa model \u00fcr\u00fcn\u00fcm\u00fcz\u00fc incelemek ve detaylar\u0131n\u0131 \u00f6\u011frenmek i\u00e7in sayfam\u0131z\u0131 ziyaret edebilirsiniz.","robots":{"index":"index","follow":"follow","max-snippet":"max-snippet:-1","max-image-preview":"max-image-preview:large","max-video-preview":"max-video-preview:-1"},"canonical":"https:\/\/www.omatu.com.tr\/ar\/urun\/king-single-sofa\/","og_locale":"ar_AR","og_type":"article","og_title":"King Single Sofa - Omatu","og_description":"King Single Sofa model \u00fcr\u00fcn\u00fcm\u00fcz\u00fc incelemek ve detaylar\u0131n\u0131 \u00f6\u011frenmek i\u00e7in sayfam\u0131z\u0131 ziyaret edebilirsiniz.","og_url":"https:\/\/www.omatu.com.tr\/ar\/urun\/king-single-sofa\/","og_site_name":"Omatu","twitter_card":"summary_large_image","schema":{"@context":"https:\/\/schema.org","@graph":[{"@type":"Organization","@id":"https:\/\/www.omatu.com.tr\/#organization","name":"OMATU","url":"https:\/\/www.omatu.com.tr\/","sameAs":[],"logo":{"@type":"ImageObject","inLanguage":"ar","@id":"https:\/\/www.omatu.com.tr\/#\/schema\/logo\/image\/","url":"https:\/\/www.omatu.com.tr\/wp-content\/uploads\/2022\/04\/1.jpg","contentUrl":"https:\/\/www.omatu.com.tr\/wp-content\/uploads\/2022\/04\/1.jpg","width":273,"height":100,"caption":"OMATU"},"image":{"@id":"https:\/\/www.omatu.com.tr\/#\/schema\/logo\/image\/"}},{"@type":"WebSite","@id":"https:\/\/www.omatu.com.tr\/#website","url":"https:\/\/www.omatu.com.tr\/","name":"Omatu","description":"Bir ba\u015fka WordPress sitesi","publisher":{"@id":"https:\/\/www.omatu.com.tr\/#organization"},"potentialAction":[{"@type":"SearchAction","target":{"@type":"EntryPoint","urlTemplate":"https:\/\/www.omatu.com.tr\/?s={search_term_string}"},"query-input":"required name=search_term_string"}],"inLanguage":"ar"},{"@type":"ImageObject","inLanguage":"ar","@id":"https:\/\/www.omatu.com.tr\/ar\/urun\/king-single-sofa\/#primaryimage","url":"https:\/\/www.omatu.com.tr\/wp-content\/uploads\/2023\/03\/IMG-20230311-WA0016-e1678790127442.jpg","contentUrl":"https:\/\/www.omatu.com.tr\/wp-content\/uploads\/2023\/03\/IMG-20230311-WA0016-e1678790127442.jpg","width":1600,"height":1004},{"@type":"WebPage","@id":"https:\/\/www.omatu.com.tr\/ar\/urun\/king-single-sofa\/#webpage","url":"https:\/\/www.omatu.com.tr\/ar\/urun\/king-single-sofa\/","name":"King Single Sofa - Omatu","isPartOf":{"@id":"https:\/\/www.omatu.com.tr\/#website"},"primaryImageOfPage":{"@id":"https:\/\/www.omatu.com.tr\/ar\/urun\/king-single-sofa\/#primaryimage"},"datePublished":"2023-03-14T08:19:43+00:00","dateModified":"2023-03-14T08:19:43+00:00","description":"King Single Sofa model \u00fcr\u00fcn\u00fcm\u00fcz\u00fc incelemek ve detaylar\u0131n\u0131 \u00f6\u011frenmek i\u00e7in sayfam\u0131z\u0131 ziyaret edebilirsiniz.","breadcrumb":{"@id":"https:\/\/www.omatu.com.tr\/ar\/urun\/king-single-sofa\/#breadcrumb"},"inLanguage":"ar","potentialAction":[{"@type":"ReadAction","target":["https:\/\/www.omatu.com.tr\/ar\/urun\/king-single-sofa\/"]}]},{"@type":"BreadcrumbList","@id":"https:\/\/www.omatu.com.tr\/ar\/urun\/king-single-sofa\/#breadcrumb","itemListElement":[{"@type":"ListItem","position":1,"name":"Anasayfa","item":"https:\/\/www.omatu.com.tr\/ar\/"},{"@type":"ListItem","position":2,"name":"T\u00fcm \u00dcr\u00fcnler","item":"https:\/\/www.omatu.com.tr\/tum-urunler\/"},{"@type":"ListItem","position":3,"name":"King Single Sofa"}]}]}},"_links":{"self":[{"href":"https:\/\/www.omatu.com.tr\/ar\/wp-json\/wp\/v2\/product\/6120","targetHints":{"allow":["GET"]}}],"collection":[{"href":"https:\/\/www.omatu.com.tr\/ar\/wp-json\/wp\/v2\/product"}],"about":[{"href":"https:\/\/www.omatu.com.tr\/ar\/wp-json\/wp\/v2\/types\/product"}],"wp:featuredmedia":[{"embeddable":true,"href":"https:\/\/www.omatu.com.tr\/ar\/wp-json\/wp\/v2\/media\/6094"}],"wp:attachment":[{"href":"https:\/\/www.omatu.com.tr\/ar\/wp-json\/wp\/v2\/media?parent=6120"}],"wp:term":[{"taxonomy":"product_cat","embeddable":true,"href":"https:\/\/www.omatu.com.tr\/ar\/wp-json\/wp\/v2\/product_cat?post=6120"},{"taxonomy":"product_tag","embeddable":true,"href":"https:\/\/www.omatu.com.tr\/ar\/wp-json\/wp\/v2\/product_tag?post=6120"}],"curies":[{"name":"wp","href":"https:\/\/api.w.org\/{rel}","templated":true}]}}